{"id":2754,"date":"2022-03-02T11:58:11","date_gmt":"2022-03-02T11:58:11","guid":{"rendered":"https:\/\/arts.aswu.edu.eg\/en\/?page_id=2754"},"modified":"2023-05-21T07:50:39","modified_gmt":"2023-05-21T07:50:39","slug":"registered-and-awarded-master-and-doctoral-students-in-french-department","status":"publish","type":"page","link":"https:\/\/arts.aswu.edu.eg\/en\/registered-and-awarded-master-and-doctoral-students-in-french-department\/","title":{"rendered":"M&#038; PhD Students\/ French Department\/"},"content":{"rendered":"<p><span style=\"color: #0000ff;\"><strong><span style=\"font-family: 'times new roman', times, serif; font-size: 14pt;\">First: Registered and awarded students in master degree from 2013 to 2021:<\/span><\/strong><\/span><\/p>\n<table style=\"height: 250px; width: 100%; border-collapse: collapse; border-style: solid;\">\n<tbody>\n<tr style=\"height: 24px;\">\n<td style=\"width: 50%; height: 24px;\"><span style=\"font-family: 'times new roman', times, serif; color: #000000; font-size: 14pt;\">Wafaa Syed Ahmed Ali<\/span><\/td>\n<td style=\"width: 50%; height: 24px;\"><span style=\"font-family: 'times new roman', times, serif; color: #000000; font-size: 14pt;\">\u201d Figures de la repetition dans la poesie \u201cdHenri Michaux \u201cEtude Lguistique<\/span><\/td>\n<\/tr>\n<tr style=\"height: 24px;\">\n<td style=\"width: 50%; height: 24px;\"><span style=\"font-family: 'times new roman', times, serif; color: #000000; font-size: 14pt;\">Ahmed Mohamed Abdel Sattar<\/span><\/td>\n<td style=\"width: 50%; height: 24px;\"><span style=\"font-family: 'times new roman', times, serif; color: #000000; font-size: 14pt;\">La polyphonie \u00e9nonciative dans Et apr\u00e8s \u2026 de Guillaume Musso<\/span><\/td>\n<\/tr>\n<tr style=\"height: 24px;\">\n<td style=\"width: 50%; height: 24px;\"><span style=\"font-family: 'times new roman', times, serif; color: #000000; font-size: 14pt;\">Shaima Abdel Nabi Sharqawi<\/span><\/td>\n<td style=\"width: 50%; height: 24px;\"><span style=\"font-family: 'times new roman', times, serif; color: #000000; font-size: 14pt;\">\u00a0du 3 mai 2017 entre Emmanuel Macron et Marine Le Pen au deuxi\u00e8me tour des \u00e9lections pr\u00e9sidentielles fran\u00e7aises.<\/span><br \/>\n<span style=\"font-family: 'times new roman', times, serif; color: #000000; font-size: 14pt;\">\u201c\u201d\u00c9tude linguistique\u201d\u201d<\/span><\/td>\n<\/tr>\n<tr style=\"height: 24px;\">\n<td style=\"width: 50%; height: 24px;\"><span style=\"font-family: 'times new roman', times, serif; color: #000000; font-size: 14pt;\">Ahmed Khaled Ramadan<\/span><\/td>\n<td style=\"width: 50%; height: 24px;\"><span style=\"font-family: 'times new roman', times, serif; color: #000000; font-size: 14pt;\">Prononciation et \u00e9criture des noms propres arabes en fran\u00e7ais contemporain<\/span><\/td>\n<\/tr>\n<tr style=\"height: 10px;\">\n<td style=\"width: 50%; height: 10px;\"><span style=\"font-family: 'times new roman', times, serif; color: #000000; font-size: 14pt;\">Mushira Mahmoud Ali<\/span><\/td>\n<td style=\"width: 50%; height: 10px;\">\n<div class=\"elementor-column elementor-col-50 elementor-top-column elementor-element elementor-element-309e871\" data-id=\"309e871\" data-element_type=\"column\">\n<div class=\"elementor-column-wrap elementor-element-populated\">\n<div class=\"elementor-widget-wrap\">\n<div class=\"elementor-element elementor-element-3bacc20 elementor-widget elementor-widget-text-editor\" data-id=\"3bacc20\" data-element_type=\"widget\" data-widget_type=\"text-editor.default\">\n<div class=\"elementor-widget-container\">\n<div class=\"elementor-text-editor elementor-clearfix\">\n<p dir=\"rtl\"><span style=\"font-family: 'times new roman', times, serif; color: #000000; font-size: 14pt;\">\u00a0 \u00c9tude cririque de la traduction de la trilogie alg\u00e9rienne de Mohamed Dib vers l\u2019arabe<\/span><\/p>\n<\/div>\n<\/div>\n<\/div>\n<\/div>\n<\/div>\n<\/div>\n<\/td>\n<\/tr>\n<tr style=\"height: 24px;\">\n<td style=\"width: 50%; height: 24px;\"><span style=\"font-family: 'times new roman', times, serif; color: #000000; font-size: 14pt;\">Yasmine Mohamed Bahaa El Din Ahmed<\/span><\/td>\n<td style=\"width: 50%; height: 24px;\"><span style=\"font-family: 'times new roman', times, serif; color: #000000; font-size: 14pt;\">\u201cLa r\u00e9ception des Fran\u00e7ais du roman Allah n\u2019est pas oblig\u00e9 d\u2019Ahmadou Kourouma<\/span><\/td>\n<\/tr>\n<tr style=\"height: 24px;\">\n<td style=\"width: 50%; height: 24px;\"><span style=\"font-family: 'times new roman', times, serif; color: #000000; font-size: 14pt;\">Yasser Gad Saada Abdullah<\/span><\/td>\n<td style=\"width: 50%; height: 24px;\"><span style=\"font-family: 'times new roman', times, serif; color: #000000; font-size: 14pt;\">Le proc\u00e8s-verbal\u201d de le Cl\u00e9zio : Etude linguistique<\/span><\/td>\n<\/tr>\n<tr style=\"height: 24px;\">\n<td style=\"width: 50%; height: 24px;\"><span style=\"font-family: 'times new roman', times, serif; color: #000000; font-size: 14pt;\">Sally Ismail Hassan Ahmed<\/span><\/td>\n<td style=\"width: 50%; height: 24px;\"><span style=\"font-family: 'times new roman', times, serif; color: #000000; font-size: 14pt;\">\u201cLa probl\u00e9matique de l\u2019identit\u00e9 dans les romans beurs:\u201d\u201dLe Gone du Cha\u00e2ba\u201d\u201d d\u2019Azouz Begag et \u201c\u201dL\u2019Amour, La fantasia\u201d\u201d d\u2019Assia Djebar.<\/span><\/td>\n<\/tr>\n<tr style=\"height: 24px;\">\n<td style=\"width: 50%; height: 24px;\"><span style=\"font-family: 'times new roman', times, serif; color: #000000; font-size: 14pt;\">Arafat Ibrahim Damrany<\/span><\/td>\n<td style=\"width: 50%; height: 24px;\"><span style=\"font-family: 'times new roman', times, serif; color: #000000; font-size: 14pt;\">La structure narrative et enonciative dans l\u2019oeuvre romanesque de Patrick Modiano <\/span><\/td>\n<\/tr>\n<tr style=\"height: 24px;\">\n<td style=\"width: 50%; height: 24px;\"><span style=\"font-family: 'times new roman', times, serif; color: #000000; font-size: 14pt;\">Hiam Fathy Kamel Othman<\/span><\/td>\n<td style=\"width: 50%; height: 24px;\"><span style=\"font-family: 'times new roman', times, serif; color: #000000; font-size: 14pt;\">\u00c9tudier les probl\u00e8mes de la traduction fran\u00e7aise \u00e0 travers le roman Utopia d&#8217;Ahmed Khaled Tawfik<\/span><\/td>\n<\/tr>\n<tr style=\"height: 24px;\">\n<td style=\"width: 50%; height: 24px;\"><span style=\"font-family: 'times new roman', times, serif; color: #000000; font-size: 14pt;\">Mona Mujahid Saleh<\/span><\/td>\n<td style=\"width: 50%; height: 24px;\"><span style=\"font-family: 'times new roman', times, serif; color: #000000; font-size: 14pt;\">Origine des Proverbes et Probl\u00e9mes de traduction<\/span><\/td>\n<\/tr>\n<\/tbody>\n<\/table>\n<p><strong><span style=\"font-family: 'times new roman', times, serif; color: #0000ff; font-size: 14pt;\">Second: registered and awarded doctoral students from 2015 to 2021:<\/span><\/strong><\/p>\n<table style=\"border-collapse: collapse; width: 100%;\">\n<tbody>\n<tr>\n<td style=\"width: 50%;\"><span style=\"font-family: 'times new roman', times, serif; color: #000000; font-size: 14pt;\">Zainab Ahmed Saadi<\/span><\/td>\n<td style=\"width: 50%;\"><span style=\"font-family: 'times new roman', times, serif; color: #000000; font-size: 14pt;\">L\u2019\u00e9nonciation dans l\u2019oeuvre romanesque De Patrick Modiano<\/span><\/td>\n<\/tr>\n<tr>\n<td style=\"width: 50%;\"><span style=\"font-family: 'times new roman', times, serif; color: #000000; font-size: 14pt;\">Rania Kamal Mohamed<\/span><\/td>\n<td style=\"width: 50%;\"><span style=\"font-family: 'times new roman', times, serif; color: #000000; font-size: 14pt;\">T\u00e9mes et expressions des sensations dans la traduction du sens du Noble Coran\u00a0<\/span><\/td>\n<\/tr>\n<tr>\n<td style=\"width: 50%;\"><span style=\"font-family: 'times new roman', times, serif; color: #000000; font-size: 14pt;\">Nada Ahmed Hussein<\/span><\/td>\n<td style=\"width: 50%;\"><span style=\"font-family: 'times new roman', times, serif; color: #000000; font-size: 14pt;\">\u201cL\u2019 e`criture feminine en espace francophone d\u2019 Afrique noire,du Maghreb et au Moyen orient .<\/span><br \/>\n<span style=\"font-family: 'times new roman', times, serif; color: #000000; font-size: 14pt;\">Etude de quelques exemples:\u201d\u201dFatou diome,Fatima Mernissi et Ezza Malak Agha\u201d\u201d\u00a0<\/span><\/td>\n<\/tr>\n<tr>\n<td style=\"width: 50%;\"><span style=\"font-family: 'times new roman', times, serif; color: #000000; font-size: 14pt;\">Wissam Mohamed Ibrahim Mohamed<\/span><\/td>\n<td style=\"width: 50%;\"><span style=\"font-family: 'times new roman', times, serif; color: #000000; font-size: 14pt;\">L\u2019Egypte modern du point de vue de l\u2019Occident\u00a0<\/span><\/td>\n<\/tr>\n<tr>\n<td style=\"width: 50%;\"><span style=\"font-family: 'times new roman', times, serif; color: #000000; font-size: 14pt;\">Jihad Hamdy Mustafa Kamel<\/span><\/td>\n<td style=\"width: 50%;\"><span style=\"font-family: 'times new roman', times, serif; color: #000000; font-size: 14pt;\">L\u2019Ali\u00e9nation dans \u201cL\u2019Amant\u201d et \u201cL\u2019Amant de la chine du nord\u201d de Marguerite Duras et \u201cUn Pedigree\u201d et \u201cDes Inconnues\u201d de Patrick Modiano<\/span><\/td>\n<\/tr>\n<tr>\n<td style=\"width: 50%;\"><span style=\"font-family: 'times new roman', times, serif; color: #000000; font-size: 14pt;\">Adel Ahmed El-Sawy<\/span><\/td>\n<td style=\"width: 50%;\"><span style=\"font-family: 'times new roman', times, serif; color: #000000; font-size: 14pt;\">Le mal-\u0207tre masculin dans \u201cAlcools\u201d de Guiaullme Apollinaire \u201c\u00c9tude th\u00e9matique\u201d\u00a0<\/span><\/td>\n<\/tr>\n<tr>\n<td style=\"width: 50%;\"><span style=\"font-family: 'times new roman', times, serif; color: #000000; font-size: 14pt;\">Hany Ali Ahmed<\/span><\/td>\n<td style=\"width: 50%;\"><span style=\"font-family: 'times new roman', times, serif; color: #000000; font-size: 14pt;\">L\u2019argumentation fallacieuse et la manipulation de la r\u00e9flexion humaine Le discours de groupes djihadistes suite aux r\u00e9volutions du printemps arabe comme mod\u00e9le<\/span><\/td>\n<\/tr>\n<\/tbody>\n<\/table>\n<p>&nbsp;<\/p>\n","protected":false},"excerpt":{"rendered":"<p>First: Registered and awarded students in master degree from 2013 to 2021: Wafaa Syed Ahmed Ali \u201d Figures de la repetition dans la poesie \u201cdHenri Michaux \u201cEtude Lguistique Ahmed Mohamed Abdel Sattar La polyphonie \u00e9nonciative dans Et apr\u00e8s \u2026 de Guillaume Musso Shaima Abdel Nabi Sharqawi \u00a0du 3 mai 2017 entre Emmanuel Macron et Marine [&hellip;]<\/p>\n","protected":false},"author":4,"featured_media":0,"parent":0,"menu_order":0,"comment_status":"closed","ping_status":"closed","template":"","meta":{"site-sidebar-layout":"default","site-content-layout":"default","ast-site-content-layout":"","site-content-style":"default","site-sidebar-style":"default","ast-global-header-display":"","ast-banner-title-visibility":"","ast-main-header-display":"","ast-hfb-above-header-display":"","ast-hfb-below-header-display":"","ast-hfb-mobile-header-display":"","site-post-title":"","ast-breadcrumbs-content":"","ast-featured-img":"","footer-sml-layout":"","theme-transparent-header-meta":"default","adv-header-id-meta":"","stick-header-meta":"","header-above-stick-meta":"","header-main-stick-meta":"","header-below-stick-meta":"","astra-migrate-meta-layouts":"default","ast-page-background-enabled":"default","ast-page-background-meta":{"desktop":{"background-color":"","background-image":"","background-repeat":"repeat","background-position":"center center","background-size":"auto","background-attachment":"scroll","background-type":"","background-media":"","overlay-type":"","overlay-color":"","overlay-opacity":"","overlay-gradient":""},"tablet":{"background-color":"","background-image":"","background-repeat":"repeat","background-position":"center center","background-size":"auto","background-attachment":"scroll","background-type":"","background-media":"","overlay-type":"","overlay-color":"","overlay-opacity":"","overlay-gradient":""},"mobile":{"background-color":"","background-image":"","background-repeat":"repeat","background-position":"center center","background-size":"auto","background-attachment":"scroll","background-type":"","background-media":"","overlay-type":"","overlay-color":"","overlay-opacity":"","overlay-gradient":""}},"ast-content-background-meta":{"desktop":{"background-color":"var(--ast-global-color-5)","background-image":"","background-repeat":"repeat","background-position":"center center","background-size":"auto","background-attachment":"scroll","background-type":"","background-media":"","overlay-type":"","overlay-color":"","overlay-opacity":"","overlay-gradient":""},"tablet":{"background-color":"var(--ast-global-color-5)","background-image":"","background-repeat":"repeat","background-position":"center center","background-size":"auto","background-attachment":"scroll","background-type":"","background-media":"","overlay-type":"","overlay-color":"","overlay-opacity":"","overlay-gradient":""},"mobile":{"background-color":"var(--ast-global-color-5)","background-image":"","background-repeat":"repeat","background-position":"center center","background-size":"auto","background-attachment":"scroll","background-type":"","background-media":"","overlay-type":"","overlay-color":"","overlay-opacity":"","overlay-gradient":""}},"footnotes":""},"class_list":["post-2754","page","type-page","status-publish","hentry"],"_links":{"self":[{"href":"https:\/\/arts.aswu.edu.eg\/en\/wp-json\/wp\/v2\/pages\/2754","targetHints":{"allow":["GET"]}}],"collection":[{"href":"https:\/\/arts.aswu.edu.eg\/en\/wp-json\/wp\/v2\/pages"}],"about":[{"href":"https:\/\/arts.aswu.edu.eg\/en\/wp-json\/wp\/v2\/types\/page"}],"author":[{"embeddable":true,"href":"https:\/\/arts.aswu.edu.eg\/en\/wp-json\/wp\/v2\/users\/4"}],"replies":[{"embeddable":true,"href":"https:\/\/arts.aswu.edu.eg\/en\/wp-json\/wp\/v2\/comments?post=2754"}],"version-history":[{"count":2,"href":"https:\/\/arts.aswu.edu.eg\/en\/wp-json\/wp\/v2\/pages\/2754\/revisions"}],"predecessor-version":[{"id":3753,"href":"https:\/\/arts.aswu.edu.eg\/en\/wp-json\/wp\/v2\/pages\/2754\/revisions\/3753"}],"wp:attachment":[{"href":"https:\/\/arts.aswu.edu.eg\/en\/wp-json\/wp\/v2\/media?parent=2754"}],"curies":[{"name":"wp","href":"https:\/\/api.w.org\/{rel}","templated":true}]}}